{"id":6,"date":"2023-10-15T16:55:47","date_gmt":"2023-10-15T14:55:47","guid":{"rendered":"http:\/\/85.215.210.101\/wordpress\/ducato-360m\/"},"modified":"2026-03-18T11:33:05","modified_gmt":"2026-03-18T10:33:05","slug":"ducato-360m","status":"publish","type":"page","link":"https:\/\/www.autovermietung-daniel.de\/?page_id=6","title":{"rendered":"Transporter 3,60m"},"content":{"rendered":"\n<figure class=\"wp-block-gallery has-nested-images columns-default is-cropped wp-block-gallery-1 is-layout-flex wp-block-gallery-is-layout-flex\">\n<figure class=\"wp-block-image size-full\"><img loading=\"lazy\" decoding=\"async\" width=\"500\" height=\"500\" data-id=\"637\" src=\"https:\/\/www.autovermietung-daniel.de\/wp-content\/uploads\/2026\/03\/Citroen_360_front_logo.png\" alt=\"\" class=\"wp-image-637\" srcset=\"https:\/\/www.autovermietung-daniel.de\/wp-content\/uploads\/2026\/03\/Citroen_360_front_logo.png 500w, https:\/\/www.autovermietung-daniel.de\/wp-content\/uploads\/2026\/03\/Citroen_360_front_logo-300x300.png 300w, https:\/\/www.autovermietung-daniel.de\/wp-content\/uploads\/2026\/03\/Citroen_360_front_logo-150x150.png 150w, https:\/\/www.autovermietung-daniel.de\/wp-content\/uploads\/2026\/03\/Citroen_360_front_logo-60x60.png 60w\" sizes=\"auto, (max-width: 500px) 100vw, 500px\" \/><\/figure>\n\n\n\n<figure class=\"wp-block-image size-full\"><img loading=\"lazy\" decoding=\"async\" width=\"500\" height=\"500\" data-id=\"638\" src=\"https:\/\/www.autovermietung-daniel.de\/wp-content\/uploads\/2026\/03\/Citroen_360_Side_logo.png\" alt=\"\" class=\"wp-image-638\" srcset=\"https:\/\/www.autovermietung-daniel.de\/wp-content\/uploads\/2026\/03\/Citroen_360_Side_logo.png 500w, https:\/\/www.autovermietung-daniel.de\/wp-content\/uploads\/2026\/03\/Citroen_360_Side_logo-300x300.png 300w, https:\/\/www.autovermietung-daniel.de\/wp-content\/uploads\/2026\/03\/Citroen_360_Side_logo-150x150.png 150w, https:\/\/www.autovermietung-daniel.de\/wp-content\/uploads\/2026\/03\/Citroen_360_Side_logo-60x60.png 60w\" sizes=\"auto, (max-width: 500px) 100vw, 500px\" \/><\/figure>\n<\/figure>\n\n\n\n<p><\/p>\n\n\n\n<p><strong>Ladefl\u00e4che:<\/strong><br>L\u00e4nge : 3,60 m<br>Breite: 1,60 m<br>H\u00f6he: 1,80 m<br><br>Maximale Zuladung: 1050 kg<\/p>\n\n\n\n<p>Hinweis:<br>Eine Anfrage \u00fcber das Fahrzeug ist keine verbindliche Mietwagenreservierung!<br>Erst bei schriftlicher R\u00fcckmeldung einer Reservierung ist das Fahrzeug zugesichert.<\/p>\n","protected":false},"excerpt":{"rendered":"<p>Ladefl\u00e4che:L\u00e4nge : 3,60 mBreite: 1,60 mH\u00f6he: 1,80 m Maximale Zuladung: 1050 kg Hinweis:Eine Anfrage \u00fcber das Fahrzeug ist keine verbindliche Mietwagenreservierung!Erst bei schriftlicher R\u00fcckmeldung einer Reservierung ist das Fahrzeug zugesichert.<\/p>\n","protected":false},"author":1,"featured_media":0,"parent":0,"menu_order":0,"comment_status":"closed","ping_status":"closed","template":"","meta":{"footnotes":""},"class_list":["post-6","page","type-page","status-publish","hentry"],"_links":{"self":[{"href":"https:\/\/www.autovermietung-daniel.de\/index.php?rest_route=\/wp\/v2\/pages\/6","targetHints":{"allow":["GET"]}}],"collection":[{"href":"https:\/\/www.autovermietung-daniel.de\/index.php?rest_route=\/wp\/v2\/pages"}],"about":[{"href":"https:\/\/www.autovermietung-daniel.de\/index.php?rest_route=\/wp\/v2\/types\/page"}],"author":[{"embeddable":true,"href":"https:\/\/www.autovermietung-daniel.de\/index.php?rest_route=\/wp\/v2\/users\/1"}],"replies":[{"embeddable":true,"href":"https:\/\/www.autovermietung-daniel.de\/index.php?rest_route=%2Fwp%2Fv2%2Fcomments&post=6"}],"version-history":[{"count":7,"href":"https:\/\/www.autovermietung-daniel.de\/index.php?rest_route=\/wp\/v2\/pages\/6\/revisions"}],"predecessor-version":[{"id":639,"href":"https:\/\/www.autovermietung-daniel.de\/index.php?rest_route=\/wp\/v2\/pages\/6\/revisions\/639"}],"wp:attachment":[{"href":"https:\/\/www.autovermietung-daniel.de\/index.php?rest_route=%2Fwp%2Fv2%2Fmedia&parent=6"}],"curies":[{"name":"wp","href":"https:\/\/api.w.org\/{rel}","templated":true}]}}