{"id":58,"date":"2024-03-22T11:04:44","date_gmt":"2024-03-22T10:04:44","guid":{"rendered":"http:\/\/85.215.210.101\/?page_id=58"},"modified":"2026-03-18T11:35:07","modified_gmt":"2026-03-18T10:35:07","slug":"lkw-35t-mit-ladebordwand","status":"publish","type":"page","link":"https:\/\/www.autovermietung-daniel.de\/?page_id=58","title":{"rendered":"LKW 3,5t mit Ladebordwand"},"content":{"rendered":"\n<figure class=\"wp-block-gallery has-nested-images columns-default is-cropped wp-block-gallery-1 is-layout-flex wp-block-gallery-is-layout-flex\">\n<figure class=\"wp-block-image size-full\"><img loading=\"lazy\" decoding=\"async\" width=\"500\" height=\"500\" data-id=\"642\" src=\"https:\/\/www.autovermietung-daniel.de\/wp-content\/uploads\/2026\/03\/Ducato_koffer_front_logo.png\" alt=\"\" class=\"wp-image-642\" srcset=\"https:\/\/www.autovermietung-daniel.de\/wp-content\/uploads\/2026\/03\/Ducato_koffer_front_logo.png 500w, https:\/\/www.autovermietung-daniel.de\/wp-content\/uploads\/2026\/03\/Ducato_koffer_front_logo-300x300.png 300w, https:\/\/www.autovermietung-daniel.de\/wp-content\/uploads\/2026\/03\/Ducato_koffer_front_logo-150x150.png 150w, https:\/\/www.autovermietung-daniel.de\/wp-content\/uploads\/2026\/03\/Ducato_koffer_front_logo-60x60.png 60w\" sizes=\"auto, (max-width: 500px) 100vw, 500px\" \/><\/figure>\n\n\n\n<figure class=\"wp-block-image size-full\"><img loading=\"lazy\" decoding=\"async\" width=\"500\" height=\"500\" data-id=\"643\" src=\"https:\/\/www.autovermietung-daniel.de\/wp-content\/uploads\/2026\/03\/Ducato_Koffer_side_logo.png\" alt=\"\" class=\"wp-image-643\" srcset=\"https:\/\/www.autovermietung-daniel.de\/wp-content\/uploads\/2026\/03\/Ducato_Koffer_side_logo.png 500w, https:\/\/www.autovermietung-daniel.de\/wp-content\/uploads\/2026\/03\/Ducato_Koffer_side_logo-300x300.png 300w, https:\/\/www.autovermietung-daniel.de\/wp-content\/uploads\/2026\/03\/Ducato_Koffer_side_logo-150x150.png 150w, https:\/\/www.autovermietung-daniel.de\/wp-content\/uploads\/2026\/03\/Ducato_Koffer_side_logo-60x60.png 60w\" sizes=\"auto, (max-width: 500px) 100vw, 500px\" \/><\/figure>\n<\/figure>\n\n\n\n<p><strong>Ladefl\u00e4che:<\/strong><br>L\u00e4nge : 4 m<br>Breite: 2 m<br>H\u00f6he: 2,20 m<br><br>Maximale Zuladung: 850 kg<br><br>Hinweis:<br>Eine Anfrage \u00fcber das Fahrzeug ist keine verbindliche Mietwagenreservierung!<br>Erst bei schriftlicher R\u00fcckmeldung einer Reservierung ist das Fahrzeug zugesichert.<\/p>\n","protected":false},"excerpt":{"rendered":"<p>Ladefl\u00e4che:L\u00e4nge : 4 mBreite: 2 mH\u00f6he: 2,20 m Maximale Zuladung: 850 kg Hinweis:Eine Anfrage \u00fcber das Fahrzeug ist keine verbindliche Mietwagenreservierung!Erst bei schriftlicher R\u00fcckmeldung einer Reservierung ist das Fahrzeug zugesichert.<\/p>\n","protected":false},"author":1,"featured_media":0,"parent":0,"menu_order":0,"comment_status":"closed","ping_status":"closed","template":"","meta":{"footnotes":""},"class_list":["post-58","page","type-page","status-publish","hentry"],"_links":{"self":[{"href":"https:\/\/www.autovermietung-daniel.de\/index.php?rest_route=\/wp\/v2\/pages\/58","targetHints":{"allow":["GET"]}}],"collection":[{"href":"https:\/\/www.autovermietung-daniel.de\/index.php?rest_route=\/wp\/v2\/pages"}],"about":[{"href":"https:\/\/www.autovermietung-daniel.de\/index.php?rest_route=\/wp\/v2\/types\/page"}],"author":[{"embeddable":true,"href":"https:\/\/www.autovermietung-daniel.de\/index.php?rest_route=\/wp\/v2\/users\/1"}],"replies":[{"embeddable":true,"href":"https:\/\/www.autovermietung-daniel.de\/index.php?rest_route=%2Fwp%2Fv2%2Fcomments&post=58"}],"version-history":[{"count":7,"href":"https:\/\/www.autovermietung-daniel.de\/index.php?rest_route=\/wp\/v2\/pages\/58\/revisions"}],"predecessor-version":[{"id":648,"href":"https:\/\/www.autovermietung-daniel.de\/index.php?rest_route=\/wp\/v2\/pages\/58\/revisions\/648"}],"wp:attachment":[{"href":"https:\/\/www.autovermietung-daniel.de\/index.php?rest_route=%2Fwp%2Fv2%2Fmedia&parent=58"}],"curies":[{"name":"wp","href":"https:\/\/api.w.org\/{rel}","templated":true}]}}